{"id":59,"date":"2020-05-24T14:05:26","date_gmt":"2020-05-24T14:05:26","guid":{"rendered":"http:\/\/holzkunst-theisgen.de\/?page_id=59"},"modified":"2023-03-28T17:07:02","modified_gmt":"2023-03-28T17:07:02","slug":"startseite","status":"publish","type":"page","link":"https:\/\/holzkunst-theisgen.de\/","title":{"rendered":"Willkommen"},"content":{"rendered":"<p>&nbsp;<\/p>\n<h3><span style=\"color: #000000;\"><strong>Aus verschiedenartigen H\u00f6lzern fertige ich kunstvolle Schreibger\u00e4te und Beh\u00e4lter &#8211; sehen Sie selbst. Hier ein kleiner \u00dcberblick:<\/strong><\/span><\/h3>\n<p>&nbsp;<\/p>\n<p><code><div class=\"rl-gallery-container rl-loading\" id=\"rl-gallery-container-1\" data-gallery_id=\"166\"> <div class=\"rl-gallery rl-basicgrid-gallery rl-hover-effect-1\" id=\"rl-gallery-1\" data-gallery_no=\"1\"> <div class=\"rl-gallery-item\"><a href=\"https:\/\/holzkunst-theisgen.de\/wp-content\/uploads\/2020\/05\/IMG_4716.jpg\" title=\"Essigbaum Rollerball und Drehkugelschreiber\" data-rl_title=\"Essigbaum Rollerball und Drehkugelschreiber\" class=\"rl-gallery-link\" data-rl_caption=\"\" data-rel=\"lightbox-gallery-1\"><img fetchpriority=\"high\" decoding=\"async\" src=\"https:\/\/holzkunst-theisgen.de\/wp-content\/uploads\/2020\/05\/IMG_4716-300x200.jpg\" width=\"300\" height=\"200\" alt=\"Essigbaum Rollerball und Drehkugelschreiber\" \/><span class=\"rl-gallery-caption\"><span class=\"rl-gallery-item-title\">Essigbaum Rollerball und Drehkugelschreiber<\/span><\/span><\/a><\/div><div class=\"rl-gallery-item\"><a href=\"https:\/\/holzkunst-theisgen.de\/wp-content\/uploads\/2020\/06\/DSC_3256.jpg\" title=\"Kugelschale, Eibe, 140mm breit, 115mm hoch\" data-rl_title=\"Kugelschale, Eibe, 140mm breit, 115mm hoch\" class=\"rl-gallery-link\" data-rl_caption=\"\" data-rel=\"lightbox-gallery-1\"><img decoding=\"async\" src=\"https:\/\/holzkunst-theisgen.de\/wp-content\/uploads\/2020\/06\/DSC_3256-300x200.jpg\" width=\"300\" height=\"200\" alt=\"Kugelschale, Eibe, 140mm breit, 115mm hoch\" \/><span class=\"rl-gallery-caption\"><span class=\"rl-gallery-item-title\">Kugelschale, Eibe, 140mm breit, 115mm hoch<\/span><\/span><\/a><\/div><div class=\"rl-gallery-item\"><a href=\"https:\/\/holzkunst-theisgen.de\/wp-content\/uploads\/2020\/05\/IMG_9372.jpg\" title=\"Einhandpfefferm\u00fchlen\" data-rl_title=\"Einhandpfefferm\u00fchlen\" class=\"rl-gallery-link\" data-rl_caption=\"\" data-rel=\"lightbox-gallery-1\"><img decoding=\"async\" src=\"https:\/\/holzkunst-theisgen.de\/wp-content\/uploads\/2020\/05\/IMG_9372-300x200.jpg\" width=\"300\" height=\"200\" alt=\"Einhandpfefferm\u00fchlen\" \/><span class=\"rl-gallery-caption\"><span class=\"rl-gallery-item-title\">Einhandpfefferm\u00fchlen<\/span><\/span><\/a><\/div><div class=\"rl-gallery-item\"><a href=\"https:\/\/holzkunst-theisgen.de\/wp-content\/uploads\/2020\/05\/IMG_9337.jpg\" title=\"Salz- und Pfefferv\u00e4schen\" data-rl_title=\"Salz- und Pfefferv\u00e4schen\" class=\"rl-gallery-link\" data-rl_caption=\"\" data-rel=\"lightbox-gallery-1\"><img loading=\"lazy\" decoding=\"async\" src=\"https:\/\/holzkunst-theisgen.de\/wp-content\/uploads\/2020\/05\/IMG_9337-300x200.jpg\" width=\"300\" height=\"200\" alt=\"Salz- und Pfefferv\u00e4schen\" \/><span class=\"rl-gallery-caption\"><span class=\"rl-gallery-item-title\">Salz- und Pfefferv\u00e4schen<\/span><\/span><\/a><\/div><div class=\"rl-gallery-item\"><a href=\"https:\/\/holzkunst-theisgen.de\/wp-content\/uploads\/2020\/05\/DSC_3260.jpg\" title=\"Cocobolo Rollerball und Drehkugelschreiber\" data-rl_title=\"Cocobolo Rollerball und Drehkugelschreiber\" class=\"rl-gallery-link\" data-rl_caption=\"\" data-rel=\"lightbox-gallery-1\"><img loading=\"lazy\" decoding=\"async\" src=\"https:\/\/holzkunst-theisgen.de\/wp-content\/uploads\/2020\/05\/DSC_3260-300x200.jpg\" width=\"300\" height=\"200\" alt=\"Cocobolo Rollerball und Drehkugelschreiber\" \/><span class=\"rl-gallery-caption\"><span class=\"rl-gallery-item-title\">Cocobolo Rollerball und Drehkugelschreiber<\/span><\/span><\/a><\/div><div class=\"rl-gallery-item\"><a href=\"https:\/\/holzkunst-theisgen.de\/wp-content\/uploads\/2020\/05\/DSC_3265.jpg\" title=\"Drehkugelschreiber Mooreiche aus Hildesheim\" data-rl_title=\"Drehkugelschreiber Mooreiche aus Hildesheim\" class=\"rl-gallery-link\" data-rl_caption=\"\" data-rel=\"lightbox-gallery-1\"><img loading=\"lazy\" decoding=\"async\" src=\"https:\/\/holzkunst-theisgen.de\/wp-content\/uploads\/2020\/05\/DSC_3265-300x200.jpg\" width=\"300\" height=\"200\" alt=\"Drehkugelschreiber Mooreiche aus Hildesheim\" \/><span class=\"rl-gallery-caption\"><span class=\"rl-gallery-item-title\">Drehkugelschreiber Mooreiche aus Hildesheim<\/span><\/span><\/a><\/div><div class=\"rl-gallery-item\"><a href=\"https:\/\/holzkunst-theisgen.de\/wp-content\/uploads\/2020\/05\/IMG_4720-2.jpg\" title=\"Shake-Pen\" data-rl_title=\"Shake-Pen\" class=\"rl-gallery-link\" data-rl_caption=\"\" data-rel=\"lightbox-gallery-1\"><img loading=\"lazy\" decoding=\"async\" src=\"https:\/\/holzkunst-theisgen.de\/wp-content\/uploads\/2020\/05\/IMG_4720-2-300x200.jpg\" width=\"300\" height=\"200\" alt=\"Shake-Pen\" \/><span class=\"rl-gallery-caption\"><span class=\"rl-gallery-item-title\">Shake-Pen<\/span><\/span><\/a><\/div><div class=\"rl-gallery-item\"><a href=\"https:\/\/holzkunst-theisgen.de\/wp-content\/uploads\/2020\/05\/IMG_4726-1.jpg\" title=\"Druckkugelschreiber G1-Rosenholz-gestockte Buche mit Pliz, Steineiche\" data-rl_title=\"Druckkugelschreiber G1-Rosenholz-gestockte Buche mit Pliz, Steineiche\" class=\"rl-gallery-link\" data-rl_caption=\"\" data-rel=\"lightbox-gallery-1\"><img loading=\"lazy\" decoding=\"async\" src=\"https:\/\/holzkunst-theisgen.de\/wp-content\/uploads\/2020\/05\/IMG_4726-1-300x200.jpg\" width=\"300\" height=\"200\" alt=\"Druckkugelschreiber G1-Rosenholz-gestockte Buche mit Pliz, Steineiche\" \/><span class=\"rl-gallery-caption\"><span class=\"rl-gallery-item-title\">Druckkugelschreiber G1-Rosenholz-gestockte Buche mit Pliz, Steineiche<\/span><\/span><\/a><\/div><div class=\"rl-gallery-item\"><a href=\"https:\/\/holzkunst-theisgen.de\/wp-content\/uploads\/2020\/05\/IMG_4729-1.jpg\" title=\"Mooreiche Hildesheim, Grenadell Mooreiche Hildesheim\" data-rl_title=\"Mooreiche Hildesheim, Grenadell Mooreiche Hildesheim\" class=\"rl-gallery-link\" data-rl_caption=\"\" data-rel=\"lightbox-gallery-1\"><img loading=\"lazy\" decoding=\"async\" src=\"https:\/\/holzkunst-theisgen.de\/wp-content\/uploads\/2020\/05\/IMG_4729-1-300x200.jpg\" width=\"300\" height=\"200\" alt=\"Mooreiche Hildesheim, Grenadell Mooreiche Hildesheim\" \/><span class=\"rl-gallery-caption\"><span class=\"rl-gallery-item-title\">Mooreiche Hildesheim, Grenadell Mooreiche Hildesheim<\/span><\/span><\/a><\/div><div class=\"rl-gallery-item\"><a href=\"https:\/\/holzkunst-theisgen.de\/wp-content\/uploads\/2020\/05\/IMG_4743-1.jpg\" title=\"Osage Orange; Eiche ger\u00e4uchrt; Mahagoni, Mooreiche HI\" data-rl_title=\"Osage Orange; Eiche ger\u00e4uchrt; Mahagoni, Mooreiche HI\" class=\"rl-gallery-link\" data-rl_caption=\"\" data-rel=\"lightbox-gallery-1\"><img loading=\"lazy\" decoding=\"async\" src=\"https:\/\/holzkunst-theisgen.de\/wp-content\/uploads\/2020\/05\/IMG_4743-1-300x200.jpg\" width=\"300\" height=\"200\" alt=\"Osage Orange; Eiche ger\u00e4uchrt; Mahagoni, Mooreiche HI\" \/><span class=\"rl-gallery-caption\"><span class=\"rl-gallery-item-title\">Osage Orange; Eiche ger\u00e4uchrt; Mahagoni, Mooreiche HI<\/span><\/span><\/a><\/div><div class=\"rl-gallery-item\"><a href=\"https:\/\/holzkunst-theisgen.de\/wp-content\/uploads\/2020\/05\/IMG_6632-e1591612307755.jpg\" title=\"Drehkugelschreiber mit Drehknauf Holz\" data-rl_title=\"Drehkugelschreiber mit Drehknauf Holz\" class=\"rl-gallery-link\" data-rl_caption=\"\" data-rel=\"lightbox-gallery-1\"><img loading=\"lazy\" decoding=\"async\" src=\"https:\/\/holzkunst-theisgen.de\/wp-content\/uploads\/2020\/05\/IMG_6632-e1591612307755-300x225.jpg\" width=\"300\" height=\"225\" alt=\"Drehkugelschreiber mit Drehknauf Holz\" \/><span class=\"rl-gallery-caption\"><span class=\"rl-gallery-item-title\">Drehkugelschreiber mit Drehknauf Holz<\/span><\/span><\/a><\/div><div class=\"rl-gallery-item\"><a href=\"https:\/\/holzkunst-theisgen.de\/wp-content\/uploads\/2020\/06\/IMG_6747.jpg\" title=\"\u00d6ffner \u201eHaimaul\u201c Potpourri\" data-rl_title=\"\u00d6ffner \u201eHaimaul\u201c Potpourri\" class=\"rl-gallery-link\" data-rl_caption=\"\" data-rel=\"lightbox-gallery-1\"><img loading=\"lazy\" decoding=\"async\" src=\"https:\/\/holzkunst-theisgen.de\/wp-content\/uploads\/2020\/06\/IMG_6747-300x200.jpg\" width=\"300\" height=\"200\" alt=\"\u00d6ffner \u201eHaimaul\u201c Potpourri\" \/><span class=\"rl-gallery-caption\"><span class=\"rl-gallery-item-title\">\u00d6ffner \u201eHaimaul\u201c Potpourri<\/span><\/span><\/a><\/div><div class=\"rl-gallery-item\"><a href=\"https:\/\/holzkunst-theisgen.de\/wp-content\/uploads\/2020\/06\/IMG_4657.jpg\" title=\"Salzv\u00e4schen Robinie (vorne); Grenadil H\u00f6he ca 60 mm\" data-rl_title=\"Salzv\u00e4schen Robinie (vorne); Grenadil H\u00f6he ca 60 mm\" class=\"rl-gallery-link\" data-rl_caption=\"\" data-rel=\"lightbox-gallery-1\"><img loading=\"lazy\" decoding=\"async\" src=\"https:\/\/holzkunst-theisgen.de\/wp-content\/uploads\/2020\/06\/IMG_4657-300x200.jpg\" width=\"300\" height=\"200\" alt=\"Salzv\u00e4schen Robinie (vorne); Grenadil H\u00f6he ca 60 mm\" \/><span class=\"rl-gallery-caption\"><span class=\"rl-gallery-item-title\">Salzv\u00e4schen Robinie (vorne); Grenadil H\u00f6he ca 60 mm<\/span><\/span><\/a><\/div><div class=\"rl-gallery-item\"><a href=\"https:\/\/holzkunst-theisgen.de\/wp-content\/uploads\/2020\/05\/IMG_4784.jpg\" title=\"Salz- und Pfefferstreuer-Grenadill-Zwetschge-Esche\" data-rl_title=\"Salz- und Pfefferstreuer-Grenadill-Zwetschge-Esche\" class=\"rl-gallery-link\" data-rl_caption=\"\" data-rel=\"lightbox-gallery-1\"><img loading=\"lazy\" decoding=\"async\" src=\"https:\/\/holzkunst-theisgen.de\/wp-content\/uploads\/2020\/05\/IMG_4784-300x200.jpg\" width=\"300\" height=\"200\" alt=\"Salz- und Pfefferstreuer-Grenadill-Zwetschge-Esche\" \/><span class=\"rl-gallery-caption\"><span class=\"rl-gallery-item-title\">Salz- und Pfefferstreuer-Grenadill-Zwetschge-Esche<\/span><\/span><\/a><\/div><div class=\"rl-gallery-item\"><a href=\"https:\/\/holzkunst-theisgen.de\/wp-content\/uploads\/2020\/05\/IMG_9302_1800_hochp.jpg\" title=\"Salz- und Pfefferstreuer, Grenadill, Zwetschge, Essigbaum\" data-rl_title=\"Salz- und Pfefferstreuer, Grenadill, Zwetschge, Essigbaum\" class=\"rl-gallery-link\" data-rl_caption=\"\" data-rel=\"lightbox-gallery-1\"><img loading=\"lazy\" decoding=\"async\" src=\"https:\/\/holzkunst-theisgen.de\/wp-content\/uploads\/2020\/05\/IMG_9302_1800_hochp-300x200.jpg\" width=\"300\" height=\"200\" alt=\"Salz- und Pfefferstreuer, Grenadill, Zwetschge, Essigbaum\" \/><span class=\"rl-gallery-caption\"><span class=\"rl-gallery-item-title\">Salz- und Pfefferstreuer, Grenadill, Zwetschge, Essigbaum<\/span><\/span><\/a><\/div><div class=\"rl-gallery-item\"><a href=\"https:\/\/holzkunst-theisgen.de\/wp-content\/uploads\/2020\/05\/IMG_9300_1800_hochp.jpg\" title=\"Salz- und Pfefferstreuer, vL Grenadil, Olive, Zwetschge, Ahorn, Essigbaum\" data-rl_title=\"Salz- und Pfefferstreuer, vL Grenadil, Olive, Zwetschge, Ahorn, Essigbaum\" class=\"rl-gallery-link\" data-rl_caption=\"\" data-rel=\"lightbox-gallery-1\"><img loading=\"lazy\" decoding=\"async\" src=\"https:\/\/holzkunst-theisgen.de\/wp-content\/uploads\/2020\/05\/IMG_9300_1800_hochp-300x200.jpg\" width=\"300\" height=\"200\" alt=\"Salz- und Pfefferstreuer, vL Grenadil, Olive, Zwetschge, Ahorn, Essigbaum\" \/><span class=\"rl-gallery-caption\"><span class=\"rl-gallery-item-title\">Salz- und Pfefferstreuer, vL Grenadil, Olive, Zwetschge, Ahorn, Essigbaum<\/span><\/span><\/a><\/div><div class=\"rl-gallery-item\"><a href=\"https:\/\/holzkunst-theisgen.de\/wp-content\/uploads\/2020\/05\/DSC_3250.jpg\" title=\"F\u00fcller Thuja-Lebensbaum\" data-rl_title=\"F\u00fcller Thuja-Lebensbaum\" class=\"rl-gallery-link\" data-rl_caption=\"\" data-rel=\"lightbox-gallery-1\"><img loading=\"lazy\" decoding=\"async\" src=\"https:\/\/holzkunst-theisgen.de\/wp-content\/uploads\/2020\/05\/DSC_3250-300x200.jpg\" width=\"300\" height=\"200\" alt=\"F\u00fcller Thuja-Lebensbaum\" \/><span class=\"rl-gallery-caption\"><span class=\"rl-gallery-item-title\">F\u00fcller Thuja-Lebensbaum<\/span><\/span><\/a><\/div><div class=\"rl-gallery-item\"><a href=\"https:\/\/holzkunst-theisgen.de\/wp-content\/uploads\/2020\/06\/IMG_4763_neu-1.jpg\" title=\"Mooreiche Hildesheim, Edelst.griff, 6 Federbr.\" data-rl_title=\"Mooreiche Hildesheim, Edelst.griff, 6 Federbr.\" class=\"rl-gallery-link\" data-rl_caption=\"\" data-rel=\"lightbox-gallery-1\"><img loading=\"lazy\" decoding=\"async\" src=\"https:\/\/holzkunst-theisgen.de\/wp-content\/uploads\/2020\/06\/IMG_4763_neu-1-300x200.jpg\" width=\"300\" height=\"200\" alt=\"Mooreiche Hildesheim, Edelst.griff, 6 Federbr.\" \/><span class=\"rl-gallery-caption\"><span class=\"rl-gallery-item-title\">Mooreiche Hildesheim, Edelst.griff, 6 Federbr.<\/span><\/span><\/a><\/div><div class=\"rl-gallery-item\"><a href=\"https:\/\/holzkunst-theisgen.de\/wp-content\/uploads\/2020\/06\/IMG_4749_neu-1.jpg\" title=\"Bubinga, Ebenholz, Federn in 6 Breiten\" data-rl_title=\"Bubinga, Ebenholz, Federn in 6 Breiten\" class=\"rl-gallery-link\" data-rl_caption=\"\" data-rel=\"lightbox-gallery-1\"><img loading=\"lazy\" decoding=\"async\" src=\"https:\/\/holzkunst-theisgen.de\/wp-content\/uploads\/2020\/06\/IMG_4749_neu-1-300x200.jpg\" width=\"300\" height=\"200\" alt=\"Bubinga, Ebenholz, Federn in 6 Breiten\" \/><span class=\"rl-gallery-caption\"><span class=\"rl-gallery-item-title\">Bubinga, Ebenholz, Federn in 6 Breiten<\/span><\/span><\/a><\/div> <\/div> <\/div><\/code><\/p>\n<p>&nbsp;<\/p>\n","protected":false},"excerpt":{"rendered":"<p>&nbsp; Aus verschiedenartigen H\u00f6lzern fertige ich kunstvolle Schreibger\u00e4te und Beh\u00e4lter &#8211; sehen Sie selbst. Hier ein kleiner \u00dcberblick: &nbsp; &nbsp;<\/p>\n","protected":false},"author":1,"featured_media":0,"parent":0,"menu_order":0,"comment_status":"closed","ping_status":"closed","template":"","meta":{"footnotes":""},"yoast_head":"<!-- This site is optimized with the Yoast SEO plugin v23.5 - https:\/\/yoast.com\/wordpress\/plugins\/seo\/ -->\n<title>Willkommen - Holzkunst-Theisgen<\/title>\n<meta name=\"description\" content=\"Holzkunst, Drechseltechnik, Hildesheim, Holz-Schreibger\u00e4te, Holzschalen, Mahlwerke, edle H\u00f6lzer, Theisgen,\" \/>\n<meta name=\"robots\" content=\"index, follow, max-snippet:-1, max-image-preview:large, max-video-preview:-1\" \/>\n<link rel=\"canonical\" href=\"https:\/\/holzkunst-theisgen.de\/\" \/>\n<meta property=\"og:locale\" content=\"de_DE\" \/>\n<meta property=\"og:type\" content=\"article\" \/>\n<meta property=\"og:title\" content=\"Willkommen - Holzkunst-Theisgen\" \/>\n<meta property=\"og:description\" content=\"Holzkunst, Drechseltechnik, Hildesheim, Holz-Schreibger\u00e4te, Holzschalen, Mahlwerke, edle H\u00f6lzer, Theisgen,\" \/>\n<meta property=\"og:url\" content=\"https:\/\/holzkunst-theisgen.de\/\" \/>\n<meta property=\"og:site_name\" content=\"Holzkunst-Theisgen\" \/>\n<meta property=\"article:modified_time\" content=\"2023-03-28T17:07:02+00:00\" \/>\n<meta name=\"twitter:card\" content=\"summary_large_image\" \/>\n<meta name=\"twitter:label1\" content=\"Gesch\u00e4tzte Lesezeit\" \/>\n\t<meta name=\"twitter:data1\" content=\"1\u00a0Minute\" \/>\n<script type=\"application\/ld+json\" class=\"yoast-schema-graph\">{\"@context\":\"https:\/\/schema.org\",\"@graph\":[{\"@type\":\"WebPage\",\"@id\":\"https:\/\/holzkunst-theisgen.de\/\",\"url\":\"https:\/\/holzkunst-theisgen.de\/\",\"name\":\"Willkommen - Holzkunst-Theisgen\",\"isPartOf\":{\"@id\":\"https:\/\/holzkunst-theisgen.de\/#website\"},\"datePublished\":\"2020-05-24T14:05:26+00:00\",\"dateModified\":\"2023-03-28T17:07:02+00:00\",\"description\":\"Holzkunst, Drechseltechnik, Hildesheim, Holz-Schreibger\u00e4te, Holzschalen, Mahlwerke, edle H\u00f6lzer, Theisgen,\",\"breadcrumb\":{\"@id\":\"https:\/\/holzkunst-theisgen.de\/#breadcrumb\"},\"inLanguage\":\"de\",\"potentialAction\":[{\"@type\":\"ReadAction\",\"target\":[\"https:\/\/holzkunst-theisgen.de\/\"]}]},{\"@type\":\"BreadcrumbList\",\"@id\":\"https:\/\/holzkunst-theisgen.de\/#breadcrumb\",\"itemListElement\":[{\"@type\":\"ListItem\",\"position\":1,\"name\":\"Startseite\",\"item\":\"https:\/\/holzkunst-theisgen.de\/\"},{\"@type\":\"ListItem\",\"position\":2,\"name\":\"Willkommen\"}]},{\"@type\":\"WebSite\",\"@id\":\"https:\/\/holzkunst-theisgen.de\/#website\",\"url\":\"https:\/\/holzkunst-theisgen.de\/\",\"name\":\"Holzkunst Theisgen Portfolio\",\"description\":\"Hildesheim\",\"publisher\":{\"@id\":\"https:\/\/holzkunst-theisgen.de\/#\/schema\/person\/aa1ab6112c231d7446dbb31f7b988abf\"},\"potentialAction\":[{\"@type\":\"SearchAction\",\"target\":{\"@type\":\"EntryPoint\",\"urlTemplate\":\"https:\/\/holzkunst-theisgen.de\/?s={search_term_string}\"},\"query-input\":{\"@type\":\"PropertyValueSpecification\",\"valueRequired\":true,\"valueName\":\"search_term_string\"}}],\"inLanguage\":\"de\"},{\"@type\":[\"Person\",\"Organization\"],\"@id\":\"https:\/\/holzkunst-theisgen.de\/#\/schema\/person\/aa1ab6112c231d7446dbb31f7b988abf\",\"name\":\"Hermann-Josef Theisgen\",\"image\":{\"@type\":\"ImageObject\",\"inLanguage\":\"de\",\"@id\":\"https:\/\/holzkunst-theisgen.de\/#\/schema\/person\/image\/\",\"url\":\"https:\/\/secure.gravatar.com\/avatar\/168f85e1ca8c5d152ad50b3ed708f26f?s=96&d=blank&r=g\",\"contentUrl\":\"https:\/\/secure.gravatar.com\/avatar\/168f85e1ca8c5d152ad50b3ed708f26f?s=96&d=blank&r=g\",\"caption\":\"Hermann-Josef Theisgen\"},\"logo\":{\"@id\":\"https:\/\/holzkunst-theisgen.de\/#\/schema\/person\/image\/\"}}]}<\/script>\n<!-- \/ Yoast SEO plugin. -->","yoast_head_json":{"title":"Willkommen - Holzkunst-Theisgen","description":"Holzkunst, Drechseltechnik, Hildesheim, Holz-Schreibger\u00e4te, Holzschalen, Mahlwerke, edle H\u00f6lzer, Theisgen,","robots":{"index":"index","follow":"follow","max-snippet":"max-snippet:-1","max-image-preview":"max-image-preview:large","max-video-preview":"max-video-preview:-1"},"canonical":"https:\/\/holzkunst-theisgen.de\/","og_locale":"de_DE","og_type":"article","og_title":"Willkommen - Holzkunst-Theisgen","og_description":"Holzkunst, Drechseltechnik, Hildesheim, Holz-Schreibger\u00e4te, Holzschalen, Mahlwerke, edle H\u00f6lzer, Theisgen,","og_url":"https:\/\/holzkunst-theisgen.de\/","og_site_name":"Holzkunst-Theisgen","article_modified_time":"2023-03-28T17:07:02+00:00","twitter_card":"summary_large_image","twitter_misc":{"Gesch\u00e4tzte Lesezeit":"1\u00a0Minute"},"schema":{"@context":"https:\/\/schema.org","@graph":[{"@type":"WebPage","@id":"https:\/\/holzkunst-theisgen.de\/","url":"https:\/\/holzkunst-theisgen.de\/","name":"Willkommen - Holzkunst-Theisgen","isPartOf":{"@id":"https:\/\/holzkunst-theisgen.de\/#website"},"datePublished":"2020-05-24T14:05:26+00:00","dateModified":"2023-03-28T17:07:02+00:00","description":"Holzkunst, Drechseltechnik, Hildesheim, Holz-Schreibger\u00e4te, Holzschalen, Mahlwerke, edle H\u00f6lzer, Theisgen,","breadcrumb":{"@id":"https:\/\/holzkunst-theisgen.de\/#breadcrumb"},"inLanguage":"de","potentialAction":[{"@type":"ReadAction","target":["https:\/\/holzkunst-theisgen.de\/"]}]},{"@type":"BreadcrumbList","@id":"https:\/\/holzkunst-theisgen.de\/#breadcrumb","itemListElement":[{"@type":"ListItem","position":1,"name":"Startseite","item":"https:\/\/holzkunst-theisgen.de\/"},{"@type":"ListItem","position":2,"name":"Willkommen"}]},{"@type":"WebSite","@id":"https:\/\/holzkunst-theisgen.de\/#website","url":"https:\/\/holzkunst-theisgen.de\/","name":"Holzkunst Theisgen Portfolio","description":"Hildesheim","publisher":{"@id":"https:\/\/holzkunst-theisgen.de\/#\/schema\/person\/aa1ab6112c231d7446dbb31f7b988abf"},"potentialAction":[{"@type":"SearchAction","target":{"@type":"EntryPoint","urlTemplate":"https:\/\/holzkunst-theisgen.de\/?s={search_term_string}"},"query-input":{"@type":"PropertyValueSpecification","valueRequired":true,"valueName":"search_term_string"}}],"inLanguage":"de"},{"@type":["Person","Organization"],"@id":"https:\/\/holzkunst-theisgen.de\/#\/schema\/person\/aa1ab6112c231d7446dbb31f7b988abf","name":"Hermann-Josef Theisgen","image":{"@type":"ImageObject","inLanguage":"de","@id":"https:\/\/holzkunst-theisgen.de\/#\/schema\/person\/image\/","url":"https:\/\/secure.gravatar.com\/avatar\/168f85e1ca8c5d152ad50b3ed708f26f?s=96&d=blank&r=g","contentUrl":"https:\/\/secure.gravatar.com\/avatar\/168f85e1ca8c5d152ad50b3ed708f26f?s=96&d=blank&r=g","caption":"Hermann-Josef Theisgen"},"logo":{"@id":"https:\/\/holzkunst-theisgen.de\/#\/schema\/person\/image\/"}}]}},"_links":{"self":[{"href":"https:\/\/holzkunst-theisgen.de\/index.php?rest_route=\/wp\/v2\/pages\/59"}],"collection":[{"href":"https:\/\/holzkunst-theisgen.de\/index.php?rest_route=\/wp\/v2\/pages"}],"about":[{"href":"https:\/\/holzkunst-theisgen.de\/index.php?rest_route=\/wp\/v2\/types\/page"}],"author":[{"embeddable":true,"href":"https:\/\/holzkunst-theisgen.de\/index.php?rest_route=\/wp\/v2\/users\/1"}],"replies":[{"embeddable":true,"href":"https:\/\/holzkunst-theisgen.de\/index.php?rest_route=%2Fwp%2Fv2%2Fcomments&post=59"}],"version-history":[{"count":28,"href":"https:\/\/holzkunst-theisgen.de\/index.php?rest_route=\/wp\/v2\/pages\/59\/revisions"}],"predecessor-version":[{"id":370,"href":"https:\/\/holzkunst-theisgen.de\/index.php?rest_route=\/wp\/v2\/pages\/59\/revisions\/370"}],"wp:attachment":[{"href":"https:\/\/holzkunst-theisgen.de\/index.php?rest_route=%2Fwp%2Fv2%2Fmedia&parent=59"}],"curies":[{"name":"wp","href":"https:\/\/api.w.org\/{rel}","templated":true}]}}