{"id":49,"date":"2020-05-24T14:02:13","date_gmt":"2020-05-24T14:02:13","guid":{"rendered":"http:\/\/holzkunst-theisgen.de\/?page_id=49"},"modified":"2020-08-16T19:08:36","modified_gmt":"2020-08-16T19:08:36","slug":"ueber-mich","status":"publish","type":"page","link":"https:\/\/holzkunst-theisgen.de\/?page_id=49","title":{"rendered":"\u00dcber mich"},"content":{"rendered":"<h3 class=\"western\"><span style=\"color: #ff9900;\"><strong>\u00dcber mich und meine Arbeit<\/strong><\/span><\/h3>\n<p><span style=\"font-family: Arial, serif;\"><em>1956 &#8211;<\/em> in der Eifel geboren, von Kindheit an mit unber\u00fchrter Natur, Leben im Wald, <\/span><span style=\"font-family: Arial, serif;\">B\u00e4umen und Holz in jeglicher Form und Verarbeitung verbunden, zog es mich<\/span><\/p>\n<p><span style=\"font-family: Arial, serif;\"><em>1977<\/em> &#8211; zum Studium der sozialen Arbeit in den Norden Deutschlands, wo ich sehr bald <\/span><span style=\"font-family: Arial, serif;\">mit passionierten, holzverarbeitenden Kollegen der Kunst und dem Handwerk <\/span><span style=\"font-family: Arial, serif;\">des Drechselns in Ber\u00fchrung kam<\/span><\/p>\n<p><span style=\"font-family: Arial, serif;\"><em>1987<\/em> &#8211; r\u00fcckte die freizeitliche Leidenschaft der Holzverarbeitung durch den Beginn einer <\/span><span style=\"font-family: Arial, serif;\">Tischlerlehre in den Vordergrund. Mit Abschluss der Gesellenpr\u00fcfung und Aus-<\/span><span style=\"font-family: Arial, serif;\">Zeichnung beim Wettbewerb \u201eDie gute Form\u201c (1989) \u00fcbte ich mich in kreativer <\/span><span style=\"font-family: Arial, serif;\">Massiv-Holzverarbeitung in allerlei Alltagsgegenst\u00e4nden f\u00fcr Familie, Kinder und <\/span><span style=\"font-family: Arial, serif;\"> Freunde, erste Kurse im Drechseln bei der Volkhochschule<\/span><\/p>\n<p><span style=\"font-family: Arial, serif;\"><em>2008<\/em> &#8211; belegte ich den ersten Drechselkurs in der Drechselstube Neckarsteinach<\/span><\/p>\n<p><span style=\"font-family: Arial, serif;\">Es folgten viele weitere bei namhaften deutschen und europ\u00e4ischen Meistern der <\/span><span style=\"font-family: Arial, serif;\">Drechselkunst und so konnte ich mein technisches Knowhow weiter entwickeln. <\/span><span style=\"font-family: Arial, serif;\">Mit regelm\u00e4\u00dfigen, selbst organisierten Treffen und Kursen im Kreise von <\/span><span style=\"font-family: Arial, serif;\">Drechslern vor Ort festigte sich mein K\u00f6nnen und gemeinsam wurden mit viel <\/span><span style=\"font-family: Arial, serif;\">Spa\u00df und Freude neue Ideen ausprobiert.<\/span><\/p>\n<p><span style=\"font-family: Arial, serif;\"><em>2010<\/em> &#8211; wird das Drechseln zunehmend eine Quelle neuer Inspiration und Ausgleich neben <\/span><span style=\"font-family: Arial, serif;\">meiner Vollzeitarbeit in der Sozialarbeit. <\/span><\/p>\n<p><span style=\"font-family: Arial, serif;\">Es entstehen vielf\u00e4ltigste Werke, die sich durch das Zusammenspiel der <\/span><span style=\"font-family: Arial, serif;\">Einmaligkeit einer unikaten Holzmaserung, der dazu geh\u00f6renden Historie und einer <\/span><span style=\"font-family: Arial, serif;\">technischen Funktionalit\u00e4t auszeichnen. Eine Besonderheit ist die \u201eHildesheimer <\/span><span style=\"font-family: Arial, serif;\">Mooreiche\u201c. Ausl\u00f6ser war die Ausgrabung in die Hildesheimer Fr\u00fchzeit und ihre <\/span><span style=\"font-family: Arial, serif;\">Stadtbefestigung. Hildesheimer Mooreiche, konserviert im lehmigen, morastigen <\/span><span style=\"font-family: Arial, serif;\">Erdreich vor der Stadtmauer blickt auf \u00fcber 1200 Jahre Geschichte zur\u00fcck. Holz ist <\/span><span style=\"font-family: Arial, serif;\">f\u00fcr mich nicht nur blo\u00dfes Material, sondern erz\u00e4hlt uns seine Geschichte.<\/span><\/p>\n<p><span style=\"font-family: Arial, serif;\">Bei den von mir verarbeiteten H\u00f6lzern handelt es sich vorrangig um B\u00e4ume europ\u00e4ischen Ursprungs. Der faszinierenden Ausstrahlung exotischer H\u00f6lzer kann ich mich dennoch nicht ganz verwehren. W<\/span><span style=\"font-family: Arial, serif;\">ichtig ist mir, neben der hochwertigen Bearbeitung, ein Werkst\u00fcck zu erschaffen, dass die Einmaligkeit seiner Herkunft, Maserung und Funktionalit\u00e4t zusammenf\u00fchrt und nicht nur dem Auge der sp\u00e4teren Besitzer, sondern auch seinen\/ihren H\u00e4nden schmeicheln m\u00f6ge.<\/span><\/p>\n<p><span style=\"font-family: Arial, serif;\">Gerne stelle ich Ihnen meine Werke bei einem pers\u00f6nlichen Treffen vor. <\/span><\/p>\n<p>&nbsp;<\/p>\n<p class=\"western\">\n","protected":false},"excerpt":{"rendered":"<p>\u00dcber mich und meine Arbeit 1956 &#8211; in der Eifel geboren, von Kindheit an mit unber\u00fchrter Natur, Leben im Wald, B\u00e4umen und Holz in jeglicher Form und Verarbeitung verbunden, zog es mich 1977 &#8211; zum Studium der sozialen Arbeit in den Norden Deutschlands, wo ich sehr bald mit passionierten, holzverarbeitenden Kollegen der Kunst und dem &hellip; <\/p>\n<p class=\"link-more\"><a href=\"https:\/\/holzkunst-theisgen.de\/?page_id=49\" class=\"more-link\"><span class=\"screen-reader-text\">\u201e\u00dcber mich\u201c<\/span> weiterlesen<\/a><\/p>\n","protected":false},"author":1,"featured_media":0,"parent":0,"menu_order":0,"comment_status":"closed","ping_status":"closed","template":"","meta":{"footnotes":""},"yoast_head":"<!-- This site is optimized with the Yoast SEO plugin v23.5 - https:\/\/yoast.com\/wordpress\/plugins\/seo\/ -->\n<title>\u00dcber mich - Holzkunst-Theisgen<\/title>\n<meta name=\"robots\" content=\"index, follow, max-snippet:-1, max-image-preview:large, max-video-preview:-1\" \/>\n<link rel=\"canonical\" href=\"https:\/\/holzkunst-theisgen.de\/?page_id=49\" \/>\n<meta property=\"og:locale\" content=\"de_DE\" \/>\n<meta property=\"og:type\" content=\"article\" \/>\n<meta property=\"og:title\" content=\"\u00dcber mich - Holzkunst-Theisgen\" \/>\n<meta property=\"og:description\" content=\"\u00dcber mich und meine Arbeit 1956 &#8211; in der Eifel geboren, von Kindheit an mit unber\u00fchrter Natur, Leben im Wald, B\u00e4umen und Holz in jeglicher Form und Verarbeitung verbunden, zog es mich 1977 &#8211; zum Studium der sozialen Arbeit in den Norden Deutschlands, wo ich sehr bald mit passionierten, holzverarbeitenden Kollegen der Kunst und dem &hellip; \u201e\u00dcber mich\u201c weiterlesen\" \/>\n<meta property=\"og:url\" content=\"https:\/\/holzkunst-theisgen.de\/?page_id=49\" \/>\n<meta property=\"og:site_name\" content=\"Holzkunst-Theisgen\" \/>\n<meta property=\"article:modified_time\" content=\"2020-08-16T19:08:36+00:00\" \/>\n<meta name=\"twitter:card\" content=\"summary_large_image\" \/>\n<meta name=\"twitter:label1\" content=\"Gesch\u00e4tzte Lesezeit\" \/>\n\t<meta name=\"twitter:data1\" content=\"2\u00a0Minuten\" \/>\n<script type=\"application\/ld+json\" class=\"yoast-schema-graph\">{\"@context\":\"https:\/\/schema.org\",\"@graph\":[{\"@type\":\"WebPage\",\"@id\":\"https:\/\/holzkunst-theisgen.de\/?page_id=49\",\"url\":\"https:\/\/holzkunst-theisgen.de\/?page_id=49\",\"name\":\"\u00dcber mich - Holzkunst-Theisgen\",\"isPartOf\":{\"@id\":\"https:\/\/holzkunst-theisgen.de\/#website\"},\"datePublished\":\"2020-05-24T14:02:13+00:00\",\"dateModified\":\"2020-08-16T19:08:36+00:00\",\"breadcrumb\":{\"@id\":\"https:\/\/holzkunst-theisgen.de\/?page_id=49#breadcrumb\"},\"inLanguage\":\"de\",\"potentialAction\":[{\"@type\":\"ReadAction\",\"target\":[\"https:\/\/holzkunst-theisgen.de\/?page_id=49\"]}]},{\"@type\":\"BreadcrumbList\",\"@id\":\"https:\/\/holzkunst-theisgen.de\/?page_id=49#breadcrumb\",\"itemListElement\":[{\"@type\":\"ListItem\",\"position\":1,\"name\":\"Startseite\",\"item\":\"https:\/\/holzkunst-theisgen.de\/\"},{\"@type\":\"ListItem\",\"position\":2,\"name\":\"\u00dcber mich\"}]},{\"@type\":\"WebSite\",\"@id\":\"https:\/\/holzkunst-theisgen.de\/#website\",\"url\":\"https:\/\/holzkunst-theisgen.de\/\",\"name\":\"Holzkunst Theisgen Portfolio\",\"description\":\"Hildesheim\",\"publisher\":{\"@id\":\"https:\/\/holzkunst-theisgen.de\/#\/schema\/person\/aa1ab6112c231d7446dbb31f7b988abf\"},\"potentialAction\":[{\"@type\":\"SearchAction\",\"target\":{\"@type\":\"EntryPoint\",\"urlTemplate\":\"https:\/\/holzkunst-theisgen.de\/?s={search_term_string}\"},\"query-input\":{\"@type\":\"PropertyValueSpecification\",\"valueRequired\":true,\"valueName\":\"search_term_string\"}}],\"inLanguage\":\"de\"},{\"@type\":[\"Person\",\"Organization\"],\"@id\":\"https:\/\/holzkunst-theisgen.de\/#\/schema\/person\/aa1ab6112c231d7446dbb31f7b988abf\",\"name\":\"Hermann-Josef Theisgen\",\"image\":{\"@type\":\"ImageObject\",\"inLanguage\":\"de\",\"@id\":\"https:\/\/holzkunst-theisgen.de\/#\/schema\/person\/image\/\",\"url\":\"https:\/\/secure.gravatar.com\/avatar\/168f85e1ca8c5d152ad50b3ed708f26f?s=96&d=blank&r=g\",\"contentUrl\":\"https:\/\/secure.gravatar.com\/avatar\/168f85e1ca8c5d152ad50b3ed708f26f?s=96&d=blank&r=g\",\"caption\":\"Hermann-Josef Theisgen\"},\"logo\":{\"@id\":\"https:\/\/holzkunst-theisgen.de\/#\/schema\/person\/image\/\"}}]}<\/script>\n<!-- \/ Yoast SEO plugin. -->","yoast_head_json":{"title":"\u00dcber mich - Holzkunst-Theisgen","robots":{"index":"index","follow":"follow","max-snippet":"max-snippet:-1","max-image-preview":"max-image-preview:large","max-video-preview":"max-video-preview:-1"},"canonical":"https:\/\/holzkunst-theisgen.de\/?page_id=49","og_locale":"de_DE","og_type":"article","og_title":"\u00dcber mich - Holzkunst-Theisgen","og_description":"\u00dcber mich und meine Arbeit 1956 &#8211; in der Eifel geboren, von Kindheit an mit unber\u00fchrter Natur, Leben im Wald, B\u00e4umen und Holz in jeglicher Form und Verarbeitung verbunden, zog es mich 1977 &#8211; zum Studium der sozialen Arbeit in den Norden Deutschlands, wo ich sehr bald mit passionierten, holzverarbeitenden Kollegen der Kunst und dem &hellip; \u201e\u00dcber mich\u201c weiterlesen","og_url":"https:\/\/holzkunst-theisgen.de\/?page_id=49","og_site_name":"Holzkunst-Theisgen","article_modified_time":"2020-08-16T19:08:36+00:00","twitter_card":"summary_large_image","twitter_misc":{"Gesch\u00e4tzte Lesezeit":"2\u00a0Minuten"},"schema":{"@context":"https:\/\/schema.org","@graph":[{"@type":"WebPage","@id":"https:\/\/holzkunst-theisgen.de\/?page_id=49","url":"https:\/\/holzkunst-theisgen.de\/?page_id=49","name":"\u00dcber mich - Holzkunst-Theisgen","isPartOf":{"@id":"https:\/\/holzkunst-theisgen.de\/#website"},"datePublished":"2020-05-24T14:02:13+00:00","dateModified":"2020-08-16T19:08:36+00:00","breadcrumb":{"@id":"https:\/\/holzkunst-theisgen.de\/?page_id=49#breadcrumb"},"inLanguage":"de","potentialAction":[{"@type":"ReadAction","target":["https:\/\/holzkunst-theisgen.de\/?page_id=49"]}]},{"@type":"BreadcrumbList","@id":"https:\/\/holzkunst-theisgen.de\/?page_id=49#breadcrumb","itemListElement":[{"@type":"ListItem","position":1,"name":"Startseite","item":"https:\/\/holzkunst-theisgen.de\/"},{"@type":"ListItem","position":2,"name":"\u00dcber mich"}]},{"@type":"WebSite","@id":"https:\/\/holzkunst-theisgen.de\/#website","url":"https:\/\/holzkunst-theisgen.de\/","name":"Holzkunst Theisgen Portfolio","description":"Hildesheim","publisher":{"@id":"https:\/\/holzkunst-theisgen.de\/#\/schema\/person\/aa1ab6112c231d7446dbb31f7b988abf"},"potentialAction":[{"@type":"SearchAction","target":{"@type":"EntryPoint","urlTemplate":"https:\/\/holzkunst-theisgen.de\/?s={search_term_string}"},"query-input":{"@type":"PropertyValueSpecification","valueRequired":true,"valueName":"search_term_string"}}],"inLanguage":"de"},{"@type":["Person","Organization"],"@id":"https:\/\/holzkunst-theisgen.de\/#\/schema\/person\/aa1ab6112c231d7446dbb31f7b988abf","name":"Hermann-Josef Theisgen","image":{"@type":"ImageObject","inLanguage":"de","@id":"https:\/\/holzkunst-theisgen.de\/#\/schema\/person\/image\/","url":"https:\/\/secure.gravatar.com\/avatar\/168f85e1ca8c5d152ad50b3ed708f26f?s=96&d=blank&r=g","contentUrl":"https:\/\/secure.gravatar.com\/avatar\/168f85e1ca8c5d152ad50b3ed708f26f?s=96&d=blank&r=g","caption":"Hermann-Josef Theisgen"},"logo":{"@id":"https:\/\/holzkunst-theisgen.de\/#\/schema\/person\/image\/"}}]}},"_links":{"self":[{"href":"https:\/\/holzkunst-theisgen.de\/index.php?rest_route=\/wp\/v2\/pages\/49"}],"collection":[{"href":"https:\/\/holzkunst-theisgen.de\/index.php?rest_route=\/wp\/v2\/pages"}],"about":[{"href":"https:\/\/holzkunst-theisgen.de\/index.php?rest_route=\/wp\/v2\/types\/page"}],"author":[{"embeddable":true,"href":"https:\/\/holzkunst-theisgen.de\/index.php?rest_route=\/wp\/v2\/users\/1"}],"replies":[{"embeddable":true,"href":"https:\/\/holzkunst-theisgen.de\/index.php?rest_route=%2Fwp%2Fv2%2Fcomments&post=49"}],"version-history":[{"count":16,"href":"https:\/\/holzkunst-theisgen.de\/index.php?rest_route=\/wp\/v2\/pages\/49\/revisions"}],"predecessor-version":[{"id":336,"href":"https:\/\/holzkunst-theisgen.de\/index.php?rest_route=\/wp\/v2\/pages\/49\/revisions\/336"}],"wp:attachment":[{"href":"https:\/\/holzkunst-theisgen.de\/index.php?rest_route=%2Fwp%2Fv2%2Fmedia&parent=49"}],"curies":[{"name":"wp","href":"https:\/\/api.w.org\/{rel}","templated":true}]}}