{"id":2,"date":"2016-05-10T03:48:21","date_gmt":"2016-05-10T03:48:21","guid":{"rendered":"http:\/\/holzkunst-theisgen.de\/?page_id=2"},"modified":"2023-03-29T19:30:19","modified_gmt":"2023-03-29T19:30:19","slug":"sample-page","status":"publish","type":"page","link":"https:\/\/holzkunst-theisgen.de\/?page_id=2","title":{"rendered":"Impressum\/Datenschutz"},"content":{"rendered":"<p>Angaben gem\u00e4\u00df \u00a7 5 TMG<\/p>\n<p>Hermann-Josef Theisgen<\/p>\n<p>Kontakt: Schubertstra\u00dfe 12, 31141 Hildesheim<br \/>\nTelefon: +4917642095788<\/p>\n<p>E-Mail: h.j.theisgen(at)gmx.de<\/p>\n<p>Verantwortlich f\u00fcr den Inhalt nach \u00a7 55 Abs. 2 RStV:<br \/>\nHermann-Josef Theisgen<\/p>\n<p>(c) 2023, Webmasterin: Mira Ohm mira.ohm(at)gmx.de<\/p>\n<p><strong>Haftungsausschluss:<\/strong><\/p>\n<p>Die Inhalte unserer Seiten wurden mit gr\u00f6\u00dfter Sorgfalt erstellt. F\u00fcr die Richtigkeit, Vollst\u00e4ndigkeit und Aktualit\u00e4t der Inhalte k\u00f6nnen wir jedoch keine Gew\u00e4hr \u00fcbernehmen. Als Diensteanbieter sind wir gem\u00e4\u00df \u00a7 7 Abs.1 TMG f\u00fcr eigene Inhalte auf diesen Seiten nach den allgemeinen Gesetzen verantwortlich.<br \/>\nNach \u00a7\u00a7 8 bis 10 TMG sind wir als Diensteanbieter jedoch nicht verpflichtet, \u00fcbermittelte oder gespeicherte fremde<\/p>\n<p>Informationen zu \u00fcberwachen oder nach Umst\u00e4nden zu forschen, die auf eine rechtswidrige T\u00e4tigkeit hinweisen. Verpflichtungen zur Entfernung oder Sperrung der Nutzung von Informationen nach den allgemeinen Gesetzen bleiben hiervon unber\u00fchrt. Eine diesbez\u00fcgliche Haftung ist jedoch erst ab dem Zeitpunkt der Kenntnis einer konkreten Rechtsverletzung m\u00f6glich. Bei Bekanntwerden von entsprechenden Rechtsverletzungen werden wir diese Inhalte umgehend entfernen.<\/p>\n<p><strong>Uhrheberrecht<\/strong><\/p>\n<p>Die durch die Seitenbetreiber erstellten Inhalte und Werke auf diesen Seiten unterliegen dem deutschen Urheberrecht. Die Vervielf\u00e4ltigung, Bearbeitung, Verbreitung und jede Art der Verwertung au\u00dferhalb der Grenzen des Urheberrechtes bed\u00fcrfen der schriftlichen Zustimmung des jeweiligen Autors bzw. Erstellers. Downloads und Kopien dieser Seite sind nur f\u00fcr den privaten, nicht kommerziellen Gebrauch gestattet. Soweit die Inhalte auf dieser Seite nicht vom Betreiber erstellt wurden, werden die Urheberrechte Dritter beachtet. Insbesondere werden Inhalte Dritter als solche gekennzeichnet. Sollten Sie trotzdem auf eine\u00a0 Urheberrechtsverletzung aufmerksam werden, bitten wir um einen entsprechenden Hinweis. Bei Bekanntwerden von Rechtsverletzungen werden wir derartige Inhalte umgehend entfernen.<\/p>\n<p><strong>Datenschutz<\/strong><\/p>\n<ul>\n<li><strong>1 Information \u00fcber die Erhebung personenbezogener Daten<\/strong><\/li>\n<\/ul>\n<p>(1) Im Folgenden informieren wir \u00fcber die Erhebung personenbezogener Daten bei Nutzung unserer Website. Personenbezogene Daten sind alle Daten, die auf Sie pers\u00f6nlich beziehbar sind, z. B. Name, Adresse, E-Mail-Adressen, Nutzungsverhalten.<\/p>\n<p>(2) Verantwortlicher gem. Art.\u00a04 Abs.\u00a07 EU-Datenschutz-Grundverordnung (DS-GVO) siehe Impressum<\/p>\n<p>(3) Bei Ihrer Kontaktaufnahme mit uns per E-Mail oder \u00fcber ein Kontaktformular werden die von Ihnen mitgeteilten Daten (Ihre E-Mail-Adresse, ggf. Ihr Name und Ihre Telefonnummer) von uns gespeichert, um Ihre Fragen zu beantworten. Die in diesem Zusammenhang anfallenden Daten l\u00f6schen wir, nachdem die Speicherung nicht mehr erforderlich ist, oder schr\u00e4nken die Verarbeitung ein, falls gesetzliche Aufbewahrungspflichten bestehen.<\/p>\n<ul>\n<li><strong>2 Ihre Rechte<\/strong><\/li>\n<\/ul>\n<p>(1) Sie haben gegen\u00fcber uns folgende Rechte hinsichtlich der Sie betreffenden personenbezogenen Daten:<\/p>\n<p>\u2013\u00a0\u00a0 Recht auf Auskunft,<\/p>\n<p>\u2013\u00a0\u00a0 Recht auf Berichtigung oder L\u00f6schung,<\/p>\n<p>\u2013\u00a0\u00a0 Recht auf Einschr\u00e4nkung der Verarbeitung,<\/p>\n<p>\u2013\u00a0\u00a0 Recht auf Widerspruch gegen die Verarbeitung,<\/p>\n<p>\u2013\u00a0\u00a0 Recht auf Daten\u00fcbertragbarkeit.<\/p>\n<p>(2) Sie haben zudem das Recht, sich bei einer Datenschutz-Aufsichtsbeh\u00f6rde \u00fcber die Verarbeitung Ihrer personenbezogenen Daten durch uns zu beschweren.<\/p>\n<table>\n<tbody>\n<tr>\n<td width=\"191\">Aufsichtsbeh\u00f6rde<\/td>\n<td width=\"376\">Die Landesbeauftragte f\u00fcr den Datenschutz NiedersachsenBarbara Thiel<\/td>\n<\/tr>\n<tr>\n<td width=\"191\">Stra\u00dfe<\/td>\n<td width=\"376\">Prinzenstra\u00dfe 5<\/td>\n<\/tr>\n<tr>\n<td width=\"191\">PLZ, Stadt<\/td>\n<td width=\"376\">30159 Hannover<\/td>\n<\/tr>\n<tr>\n<td width=\"191\">Telefon<\/td>\n<td width=\"376\">0511-120 4500<\/td>\n<\/tr>\n<tr>\n<td width=\"191\">E-Mail<\/td>\n<td width=\"376\">poststelle@lfd.niedersachsen.de<\/td>\n<\/tr>\n<\/tbody>\n<\/table>\n<ul>\n<li><strong>3 Erhebung personenbezogener Daten bei Besuch unserer Website<\/strong><\/li>\n<\/ul>\n<p>(1) Bei der informatorischen Nutzung der Website, also wenn Sie sich nicht registrieren oder uns anderweitig Informationen \u00fcbermitteln, erheben wir nur die Daten, die Ihr Browser an unseren Server \u00fcbermittelt. Wenn Sie unsere Website betrachten m\u00f6chten, erheben wir die folgenden Daten, die f\u00fcr uns technisch erforderlich sind, um Ihnen unsere Website anzuzeigen und die Stabilit\u00e4t und Sicherheit zu gew\u00e4hrleisten (Rechtsgrundlage ist Art.\u00a06 Abs.\u00a01 S.\u00a01 lit. f DS-GVO):<\/p>\n<p>\u2013\u00a0\u00a0 IP-Adresse<\/p>\n<p>\u2013\u00a0\u00a0 Datum und Uhrzeit der Anfrage<\/p>\n<p>\u2013\u00a0\u00a0 Zeitzonendifferenz zur Greenwich Mean Time (GMT)<\/p>\n<p>\u2013\u00a0\u00a0 Inhalt der Anforderung (konkrete Seite)<\/p>\n<p>\u2013\u00a0\u00a0 Zugriffsstatus\/HTTP-Statuscode<\/p>\n<p>\u2013\u00a0\u00a0 jeweils \u00fcbertragene Datenmenge<\/p>\n<p>\u2013\u00a0\u00a0 Website, von der die Anforderung kommt<\/p>\n<p>\u2013\u00a0\u00a0 Browser<\/p>\n<p>\u2013\u00a0\u00a0 Betriebssystem und dessen Oberfl\u00e4che<\/p>\n<p>\u2013\u00a0\u00a0 Sprache und Version der Browsersoftware.<\/p>\n<p>(2) Zus\u00e4tzlich zu den zuvor genannten Daten werden bei Ihrer Nutzung unserer Website Cookies auf Ihrem Rechner gespeichert. Bei Cookies handelt es sich um kleine Textdateien, die auf Ihrer Festplatte dem von Ihnen verwendeten Browser zugeordnet gespeichert werden und durch welche der Stelle, die den Cookie setzt (hier durch uns), bestimmte Informationen zuflie\u00dfen. Cookies k\u00f6nnen keine Programme ausf\u00fchren oder Viren auf Ihren Computer \u00fcbertragen. Sie dienen dazu, das Internetangebot insgesamt nutzerfreundlicher und effektiver zu machen.<\/p>\n<p>(3) Sie k\u00f6nnen Ihre Browser-Einstellung entsprechend Ihren W\u00fcnschen konfigurieren und z. B. die Annahme von Third-Party-Cookies oder allen Cookies ablehnen. Wir weisen Sie darauf hin, dass Sie eventuell nicht alle Funktionen dieser Website nutzen k\u00f6nnen.<\/p>\n<p>Hildesheim, Mai 2020<\/p>\n","protected":false},"excerpt":{"rendered":"<p>Angaben gem\u00e4\u00df \u00a7 5 TMG Hermann-Josef Theisgen Kontakt: Schubertstra\u00dfe 12, 31141 Hildesheim Telefon: +4917642095788 E-Mail: h.j.theisgen(at)gmx.de Verantwortlich f\u00fcr den Inhalt nach \u00a7 55 Abs. 2 RStV: Hermann-Josef Theisgen (c) 2023, Webmasterin: Mira Ohm mira.ohm(at)gmx.de Haftungsausschluss: Die Inhalte unserer Seiten wurden mit gr\u00f6\u00dfter Sorgfalt erstellt. F\u00fcr die Richtigkeit, Vollst\u00e4ndigkeit und Aktualit\u00e4t der Inhalte k\u00f6nnen wir jedoch &hellip; <\/p>\n<p class=\"link-more\"><a href=\"https:\/\/holzkunst-theisgen.de\/?page_id=2\" class=\"more-link\"><span class=\"screen-reader-text\">\u201eImpressum\/Datenschutz\u201c<\/span> weiterlesen<\/a><\/p>\n","protected":false},"author":1,"featured_media":0,"parent":0,"menu_order":0,"comment_status":"closed","ping_status":"open","template":"","meta":{"footnotes":""},"yoast_head":"<!-- This site is optimized with the Yoast SEO plugin v23.5 - https:\/\/yoast.com\/wordpress\/plugins\/seo\/ -->\n<title>Impressum\/Datenschutz - Holzkunst-Theisgen<\/title>\n<meta name=\"robots\" content=\"index, follow, max-snippet:-1, max-image-preview:large, max-video-preview:-1\" \/>\n<link rel=\"canonical\" href=\"https:\/\/holzkunst-theisgen.de\/?page_id=2\" \/>\n<meta property=\"og:locale\" content=\"de_DE\" \/>\n<meta property=\"og:type\" content=\"article\" \/>\n<meta property=\"og:title\" content=\"Impressum\/Datenschutz - Holzkunst-Theisgen\" \/>\n<meta property=\"og:description\" content=\"Angaben gem\u00e4\u00df \u00a7 5 TMG Hermann-Josef Theisgen Kontakt: Schubertstra\u00dfe 12, 31141 Hildesheim Telefon: +4917642095788 E-Mail: h.j.theisgen(at)gmx.de Verantwortlich f\u00fcr den Inhalt nach \u00a7 55 Abs. 2 RStV: Hermann-Josef Theisgen (c) 2023, Webmasterin: Mira Ohm mira.ohm(at)gmx.de Haftungsausschluss: Die Inhalte unserer Seiten wurden mit gr\u00f6\u00dfter Sorgfalt erstellt. F\u00fcr die Richtigkeit, Vollst\u00e4ndigkeit und Aktualit\u00e4t der Inhalte k\u00f6nnen wir jedoch &hellip; \u201eImpressum\/Datenschutz\u201c weiterlesen\" \/>\n<meta property=\"og:url\" content=\"https:\/\/holzkunst-theisgen.de\/?page_id=2\" \/>\n<meta property=\"og:site_name\" content=\"Holzkunst-Theisgen\" \/>\n<meta property=\"article:modified_time\" content=\"2023-03-29T19:30:19+00:00\" \/>\n<meta name=\"twitter:card\" content=\"summary_large_image\" \/>\n<meta name=\"twitter:label1\" content=\"Gesch\u00e4tzte Lesezeit\" \/>\n\t<meta name=\"twitter:data1\" content=\"4\u00a0Minuten\" \/>\n<script type=\"application\/ld+json\" class=\"yoast-schema-graph\">{\"@context\":\"https:\/\/schema.org\",\"@graph\":[{\"@type\":\"WebPage\",\"@id\":\"https:\/\/holzkunst-theisgen.de\/?page_id=2\",\"url\":\"https:\/\/holzkunst-theisgen.de\/?page_id=2\",\"name\":\"Impressum\/Datenschutz - Holzkunst-Theisgen\",\"isPartOf\":{\"@id\":\"https:\/\/holzkunst-theisgen.de\/#website\"},\"datePublished\":\"2016-05-10T03:48:21+00:00\",\"dateModified\":\"2023-03-29T19:30:19+00:00\",\"breadcrumb\":{\"@id\":\"https:\/\/holzkunst-theisgen.de\/?page_id=2#breadcrumb\"},\"inLanguage\":\"de\",\"potentialAction\":[{\"@type\":\"ReadAction\",\"target\":[\"https:\/\/holzkunst-theisgen.de\/?page_id=2\"]}]},{\"@type\":\"BreadcrumbList\",\"@id\":\"https:\/\/holzkunst-theisgen.de\/?page_id=2#breadcrumb\",\"itemListElement\":[{\"@type\":\"ListItem\",\"position\":1,\"name\":\"Startseite\",\"item\":\"https:\/\/holzkunst-theisgen.de\/\"},{\"@type\":\"ListItem\",\"position\":2,\"name\":\"Impressum\/Datenschutz\"}]},{\"@type\":\"WebSite\",\"@id\":\"https:\/\/holzkunst-theisgen.de\/#website\",\"url\":\"https:\/\/holzkunst-theisgen.de\/\",\"name\":\"Holzkunst Theisgen Portfolio\",\"description\":\"Hildesheim\",\"publisher\":{\"@id\":\"https:\/\/holzkunst-theisgen.de\/#\/schema\/person\/aa1ab6112c231d7446dbb31f7b988abf\"},\"potentialAction\":[{\"@type\":\"SearchAction\",\"target\":{\"@type\":\"EntryPoint\",\"urlTemplate\":\"https:\/\/holzkunst-theisgen.de\/?s={search_term_string}\"},\"query-input\":{\"@type\":\"PropertyValueSpecification\",\"valueRequired\":true,\"valueName\":\"search_term_string\"}}],\"inLanguage\":\"de\"},{\"@type\":[\"Person\",\"Organization\"],\"@id\":\"https:\/\/holzkunst-theisgen.de\/#\/schema\/person\/aa1ab6112c231d7446dbb31f7b988abf\",\"name\":\"Hermann-Josef Theisgen\",\"image\":{\"@type\":\"ImageObject\",\"inLanguage\":\"de\",\"@id\":\"https:\/\/holzkunst-theisgen.de\/#\/schema\/person\/image\/\",\"url\":\"https:\/\/secure.gravatar.com\/avatar\/168f85e1ca8c5d152ad50b3ed708f26f?s=96&d=blank&r=g\",\"contentUrl\":\"https:\/\/secure.gravatar.com\/avatar\/168f85e1ca8c5d152ad50b3ed708f26f?s=96&d=blank&r=g\",\"caption\":\"Hermann-Josef Theisgen\"},\"logo\":{\"@id\":\"https:\/\/holzkunst-theisgen.de\/#\/schema\/person\/image\/\"}}]}<\/script>\n<!-- \/ Yoast SEO plugin. -->","yoast_head_json":{"title":"Impressum\/Datenschutz - Holzkunst-Theisgen","robots":{"index":"index","follow":"follow","max-snippet":"max-snippet:-1","max-image-preview":"max-image-preview:large","max-video-preview":"max-video-preview:-1"},"canonical":"https:\/\/holzkunst-theisgen.de\/?page_id=2","og_locale":"de_DE","og_type":"article","og_title":"Impressum\/Datenschutz - Holzkunst-Theisgen","og_description":"Angaben gem\u00e4\u00df \u00a7 5 TMG Hermann-Josef Theisgen Kontakt: Schubertstra\u00dfe 12, 31141 Hildesheim Telefon: +4917642095788 E-Mail: h.j.theisgen(at)gmx.de Verantwortlich f\u00fcr den Inhalt nach \u00a7 55 Abs. 2 RStV: Hermann-Josef Theisgen (c) 2023, Webmasterin: Mira Ohm mira.ohm(at)gmx.de Haftungsausschluss: Die Inhalte unserer Seiten wurden mit gr\u00f6\u00dfter Sorgfalt erstellt. F\u00fcr die Richtigkeit, Vollst\u00e4ndigkeit und Aktualit\u00e4t der Inhalte k\u00f6nnen wir jedoch &hellip; \u201eImpressum\/Datenschutz\u201c weiterlesen","og_url":"https:\/\/holzkunst-theisgen.de\/?page_id=2","og_site_name":"Holzkunst-Theisgen","article_modified_time":"2023-03-29T19:30:19+00:00","twitter_card":"summary_large_image","twitter_misc":{"Gesch\u00e4tzte Lesezeit":"4\u00a0Minuten"},"schema":{"@context":"https:\/\/schema.org","@graph":[{"@type":"WebPage","@id":"https:\/\/holzkunst-theisgen.de\/?page_id=2","url":"https:\/\/holzkunst-theisgen.de\/?page_id=2","name":"Impressum\/Datenschutz - Holzkunst-Theisgen","isPartOf":{"@id":"https:\/\/holzkunst-theisgen.de\/#website"},"datePublished":"2016-05-10T03:48:21+00:00","dateModified":"2023-03-29T19:30:19+00:00","breadcrumb":{"@id":"https:\/\/holzkunst-theisgen.de\/?page_id=2#breadcrumb"},"inLanguage":"de","potentialAction":[{"@type":"ReadAction","target":["https:\/\/holzkunst-theisgen.de\/?page_id=2"]}]},{"@type":"BreadcrumbList","@id":"https:\/\/holzkunst-theisgen.de\/?page_id=2#breadcrumb","itemListElement":[{"@type":"ListItem","position":1,"name":"Startseite","item":"https:\/\/holzkunst-theisgen.de\/"},{"@type":"ListItem","position":2,"name":"Impressum\/Datenschutz"}]},{"@type":"WebSite","@id":"https:\/\/holzkunst-theisgen.de\/#website","url":"https:\/\/holzkunst-theisgen.de\/","name":"Holzkunst Theisgen Portfolio","description":"Hildesheim","publisher":{"@id":"https:\/\/holzkunst-theisgen.de\/#\/schema\/person\/aa1ab6112c231d7446dbb31f7b988abf"},"potentialAction":[{"@type":"SearchAction","target":{"@type":"EntryPoint","urlTemplate":"https:\/\/holzkunst-theisgen.de\/?s={search_term_string}"},"query-input":{"@type":"PropertyValueSpecification","valueRequired":true,"valueName":"search_term_string"}}],"inLanguage":"de"},{"@type":["Person","Organization"],"@id":"https:\/\/holzkunst-theisgen.de\/#\/schema\/person\/aa1ab6112c231d7446dbb31f7b988abf","name":"Hermann-Josef Theisgen","image":{"@type":"ImageObject","inLanguage":"de","@id":"https:\/\/holzkunst-theisgen.de\/#\/schema\/person\/image\/","url":"https:\/\/secure.gravatar.com\/avatar\/168f85e1ca8c5d152ad50b3ed708f26f?s=96&d=blank&r=g","contentUrl":"https:\/\/secure.gravatar.com\/avatar\/168f85e1ca8c5d152ad50b3ed708f26f?s=96&d=blank&r=g","caption":"Hermann-Josef Theisgen"},"logo":{"@id":"https:\/\/holzkunst-theisgen.de\/#\/schema\/person\/image\/"}}]}},"_links":{"self":[{"href":"https:\/\/holzkunst-theisgen.de\/index.php?rest_route=\/wp\/v2\/pages\/2"}],"collection":[{"href":"https:\/\/holzkunst-theisgen.de\/index.php?rest_route=\/wp\/v2\/pages"}],"about":[{"href":"https:\/\/holzkunst-theisgen.de\/index.php?rest_route=\/wp\/v2\/types\/page"}],"author":[{"embeddable":true,"href":"https:\/\/holzkunst-theisgen.de\/index.php?rest_route=\/wp\/v2\/users\/1"}],"replies":[{"embeddable":true,"href":"https:\/\/holzkunst-theisgen.de\/index.php?rest_route=%2Fwp%2Fv2%2Fcomments&post=2"}],"version-history":[{"count":11,"href":"https:\/\/holzkunst-theisgen.de\/index.php?rest_route=\/wp\/v2\/pages\/2\/revisions"}],"predecessor-version":[{"id":392,"href":"https:\/\/holzkunst-theisgen.de\/index.php?rest_route=\/wp\/v2\/pages\/2\/revisions\/392"}],"wp:attachment":[{"href":"https:\/\/holzkunst-theisgen.de\/index.php?rest_route=%2Fwp%2Fv2%2Fmedia&parent=2"}],"curies":[{"name":"wp","href":"https:\/\/api.w.org\/{rel}","templated":true}]}}